{"id":1994,"date":"2025-04-02T11:51:41","date_gmt":"2025-04-02T11:51:41","guid":{"rendered":"https:\/\/shop.awwwbuy.com\/product\/%e6%9a%97%e9%bb%91%e9%95%bf%e8%8a%ad%e8%95%be%e5%85%8b%e7%bd%97%e5%bf%83%e5%8d%81%e5%ad%97%e6%9e%b6%e7%a9%bf%e6%88%b4%e7%94%b2%e7%94%b2%e7%89%87%e6%8c%87%e7%94%b2%e8%b4%b4%e7%89%87%e6%89%b9%e5%8f%91\/"},"modified":"2025-04-02T11:51:53","modified_gmt":"2025-04-02T11:51:53","slug":"%e6%9a%97%e9%bb%91%e9%95%bf%e8%8a%ad%e8%95%be%e5%85%8b%e7%bd%97%e5%bf%83%e5%8d%81%e5%ad%97%e6%9e%b6%e7%a9%bf%e6%88%b4%e7%94%b2%e7%94%b2%e7%89%87%e6%8c%87%e7%94%b2%e8%b4%b4%e7%89%87%e6%89%b9%e5%8f%91","status":"publish","type":"product","link":"https:\/\/shop.awwwbuy.com\/es\/producto\/%e6%9a%97%e9%bb%91%e9%95%bf%e8%8a%ad%e8%95%be%e5%85%8b%e7%bd%97%e5%bf%83%e5%8d%81%e5%ad%97%e6%9e%b6%e7%a9%bf%e6%88%b4%e7%94%b2%e7%94%b2%e7%89%87%e6%8c%87%e7%94%b2%e8%b4%b4%e7%89%87%e6%89%b9%e5%8f%91\/","title":{"rendered":"Oscuro largo ballet Crow coraz\u00f3n cruz desgaste de u\u00f1as parches de u\u00f1as parches de u\u00f1as al por mayor u\u00f1as acabadas"},"content":{"rendered":"","protected":false},"excerpt":{"rendered":"","protected":false},"featured_media":1998,"comment_status":"open","ping_status":"closed","template":"","meta":{"_acf_changed":false,"site-sidebar-layout":"default","site-content-layout":"","ast-site-content-layout":"","site-content-style":"default","site-sidebar-style":"default","ast-global-header-display":"","ast-banner-title-visibility":"","ast-main-header-display":"","ast-hfb-above-header-display":"","ast-hfb-below-header-display":"","ast-hfb-mobile-header-display":"","site-post-title":"","ast-breadcrumbs-content":"","ast-featured-img":"","footer-sml-layout":"","theme-transparent-header-meta":"","adv-header-id-meta":"","stick-header-meta":"","header-above-stick-meta":"","header-main-stick-meta":"","header-below-stick-meta":"","astra-migrate-meta-layouts":"default","ast-page-background-enabled":"default","ast-page-background-meta":{"desktop":{"background-color":"var(--ast-global-color-4)","background-image":"","background-repeat":"repeat","background-position":"center center","background-size":"auto","background-attachment":"scroll","background-type":"","background-media":"","overlay-type":"","overlay-color":"","overlay-opacity":"","overlay-gradient":""},"tablet":{"background-color":"","background-image":"","background-repeat":"repeat","background-position":"center center","background-size":"auto","background-attachment":"scroll","background-type":"","background-media":"","overlay-type":"","overlay-color":"","overlay-opacity":"","overlay-gradient":""},"mobile":{"background-color":"","background-image":"","background-repeat":"repeat","background-position":"center center","background-size":"auto","background-attachment":"scroll","background-type":"","background-media":"","overlay-type":"","overlay-color":"","overlay-opacity":"","overlay-gradient":""}},"ast-content-background-meta":{"desktop":{"background-color":"var(--ast-global-color-5)","background-image":"","background-repeat":"repeat","background-position":"center center","background-size":"auto","background-attachment":"scroll","background-type":"","background-media":"","overlay-type":"","overlay-color":"","overlay-opacity":"","overlay-gradient":""},"tablet":{"background-color":"var(--ast-global-color-5)","background-image":"","background-repeat":"repeat","background-position":"center center","background-size":"auto","background-attachment":"scroll","background-type":"","background-media":"","overlay-type":"","overlay-color":"","overlay-opacity":"","overlay-gradient":""},"mobile":{"background-color":"var(--ast-global-color-5)","background-image":"","background-repeat":"repeat","background-position":"center center","background-size":"auto","background-attachment":"scroll","background-type":"","background-media":"","overlay-type":"","overlay-color":"","overlay-opacity":"","overlay-gradient":""}}},"product_brand":[],"product_cat":[18],"product_tag":[],"class_list":{"0":"post-1994","1":"product","2":"type-product","3":"status-publish","4":"has-post-thumbnail","6":"product_cat-uncategorized","7":"desktop-align-left","8":"tablet-align-left","9":"mobile-align-left","10":"ast-product-gallery-layout-horizontal-slider","11":"ast-product-single-variable","13":"first","14":"instock","15":"shipping-taxable","16":"purchasable","17":"product-type-variable"},"acf":[],"_links":{"self":[{"href":"https:\/\/shop.awwwbuy.com\/es\/wp-json\/wp\/v2\/product\/1994","targetHints":{"allow":["GET"]}}],"collection":[{"href":"https:\/\/shop.awwwbuy.com\/es\/wp-json\/wp\/v2\/product"}],"about":[{"href":"https:\/\/shop.awwwbuy.com\/es\/wp-json\/wp\/v2\/types\/product"}],"replies":[{"embeddable":true,"href":"https:\/\/shop.awwwbuy.com\/es\/wp-json\/wp\/v2\/comments?post=1994"}],"version-history":[{"count":0,"href":"https:\/\/shop.awwwbuy.com\/es\/wp-json\/wp\/v2\/product\/1994\/revisions"}],"wp:featuredmedia":[{"embeddable":true,"href":"https:\/\/shop.awwwbuy.com\/es\/wp-json\/wp\/v2\/media\/1998"}],"wp:attachment":[{"href":"https:\/\/shop.awwwbuy.com\/es\/wp-json\/wp\/v2\/media?parent=1994"}],"wp:term":[{"taxonomy":"product_brand","embeddable":true,"href":"https:\/\/shop.awwwbuy.com\/es\/wp-json\/wp\/v2\/product_brand?post=1994"},{"taxonomy":"product_cat","embeddable":true,"href":"https:\/\/shop.awwwbuy.com\/es\/wp-json\/wp\/v2\/product_cat?post=1994"},{"taxonomy":"product_tag","embeddable":true,"href":"https:\/\/shop.awwwbuy.com\/es\/wp-json\/wp\/v2\/product_tag?post=1994"}],"curies":[{"name":"wp","href":"https:\/\/api.w.org\/{rel}","templated":true}]}}