{"id":2965,"date":"2025-04-02T11:57:56","date_gmt":"2025-04-02T11:57:56","guid":{"rendered":"https:\/\/shop.awwwbuy.com\/product\/%e4%b8%87%e5%9c%a3%e8%8a%82%e5%9c%86%e7%94%b2%e5%90%88%e9%9b%86%e7%a9%bf%e6%88%b4%e7%be%8e%e7%94%b2%e6%88%90%e5%93%81-press-on-nail%e5%81%87%e6%8c%87%e7%94%b2%e7%be%8e%e7%94%b2%e8%b4%b4%e7%89%87\/"},"modified":"2025-04-02T12:33:23","modified_gmt":"2025-04-02T12:33:23","slug":"halloween-unas-redondas-coleccion-desgaste-arte-de-unas-acabado-de-prensa-en-las-unas-unas-postizas-parches-de-unas-de-arte","status":"publish","type":"product","link":"https:\/\/shop.awwwbuy.com\/es\/producto\/halloween-unas-redondas-coleccion-desgaste-arte-de-unas-acabado-de-prensa-en-las-unas-unas-postizas-parches-de-unas-de-arte\/","title":{"rendered":"Halloween u\u00f1as redondas conjunto wearable nail art acabado press on nail u\u00f1as postizas parches nail art pinzas para u\u00f1as"},"content":{"rendered":"","protected":false},"excerpt":{"rendered":"","protected":false},"featured_media":2972,"comment_status":"open","ping_status":"closed","template":"","meta":{"_acf_changed":false,"site-sidebar-layout":"default","site-content-layout":"","ast-site-content-layout":"","site-content-style":"default","site-sidebar-style":"default","ast-global-header-display":"","ast-banner-title-visibility":"","ast-main-header-display":"","ast-hfb-above-header-display":"","ast-hfb-below-header-display":"","ast-hfb-mobile-header-display":"","site-post-title":"","ast-breadcrumbs-content":"","ast-featured-img":"","footer-sml-layout":"","theme-transparent-header-meta":"","adv-header-id-meta":"","stick-header-meta":"","header-above-stick-meta":"","header-main-stick-meta":"","header-below-stick-meta":"","astra-migrate-meta-layouts":"default","ast-page-background-enabled":"default","ast-page-background-meta":{"desktop":{"background-color":"var(--ast-global-color-4)","background-image":"","background-repeat":"repeat","background-position":"center center","background-size":"auto","background-attachment":"scroll","background-type":"","background-media":"","overlay-type":"","overlay-color":"","overlay-opacity":"","overlay-gradient":""},"tablet":{"background-color":"","background-image":"","background-repeat":"repeat","background-position":"center center","background-size":"auto","background-attachment":"scroll","background-type":"","background-media":"","overlay-type":"","overlay-color":"","overlay-opacity":"","overlay-gradient":""},"mobile":{"background-color":"","background-image":"","background-repeat":"repeat","background-position":"center center","background-size":"auto","background-attachment":"scroll","background-type":"","background-media":"","overlay-type":"","overlay-color":"","overlay-opacity":"","overlay-gradient":""}},"ast-content-background-meta":{"desktop":{"background-color":"var(--ast-global-color-5)","background-image":"","background-repeat":"repeat","background-position":"center center","background-size":"auto","background-attachment":"scroll","background-type":"","background-media":"","overlay-type":"","overlay-color":"","overlay-opacity":"","overlay-gradient":""},"tablet":{"background-color":"var(--ast-global-color-5)","background-image":"","background-repeat":"repeat","background-position":"center center","background-size":"auto","background-attachment":"scroll","background-type":"","background-media":"","overlay-type":"","overlay-color":"","overlay-opacity":"","overlay-gradient":""},"mobile":{"background-color":"var(--ast-global-color-5)","background-image":"","background-repeat":"repeat","background-position":"center center","background-size":"auto","background-attachment":"scroll","background-type":"","background-media":"","overlay-type":"","overlay-color":"","overlay-opacity":"","overlay-gradient":""}}},"product_brand":[],"product_cat":[18],"product_tag":[],"class_list":{"0":"post-2965","1":"product","2":"type-product","3":"status-publish","4":"has-post-thumbnail","6":"product_cat-uncategorized","7":"desktop-align-left","8":"tablet-align-left","9":"mobile-align-left","10":"ast-product-gallery-layout-horizontal-slider","11":"ast-product-single-variable","13":"first","14":"instock","15":"shipping-taxable","16":"purchasable","17":"product-type-variable"},"acf":[],"_links":{"self":[{"href":"https:\/\/shop.awwwbuy.com\/es\/wp-json\/wp\/v2\/product\/2965","targetHints":{"allow":["GET"]}}],"collection":[{"href":"https:\/\/shop.awwwbuy.com\/es\/wp-json\/wp\/v2\/product"}],"about":[{"href":"https:\/\/shop.awwwbuy.com\/es\/wp-json\/wp\/v2\/types\/product"}],"replies":[{"embeddable":true,"href":"https:\/\/shop.awwwbuy.com\/es\/wp-json\/wp\/v2\/comments?post=2965"}],"version-history":[{"count":1,"href":"https:\/\/shop.awwwbuy.com\/es\/wp-json\/wp\/v2\/product\/2965\/revisions"}],"predecessor-version":[{"id":3293,"href":"https:\/\/shop.awwwbuy.com\/es\/wp-json\/wp\/v2\/product\/2965\/revisions\/3293"}],"wp:featuredmedia":[{"embeddable":true,"href":"https:\/\/shop.awwwbuy.com\/es\/wp-json\/wp\/v2\/media\/2972"}],"wp:attachment":[{"href":"https:\/\/shop.awwwbuy.com\/es\/wp-json\/wp\/v2\/media?parent=2965"}],"wp:term":[{"taxonomy":"product_brand","embeddable":true,"href":"https:\/\/shop.awwwbuy.com\/es\/wp-json\/wp\/v2\/product_brand?post=2965"},{"taxonomy":"product_cat","embeddable":true,"href":"https:\/\/shop.awwwbuy.com\/es\/wp-json\/wp\/v2\/product_cat?post=2965"},{"taxonomy":"product_tag","embeddable":true,"href":"https:\/\/shop.awwwbuy.com\/es\/wp-json\/wp\/v2\/product_tag?post=2965"}],"curies":[{"name":"wp","href":"https:\/\/api.w.org\/{rel}","templated":true}]}}