{"id":24341,"date":"2025-05-23T03:43:16","date_gmt":"2025-05-23T03:43:16","guid":{"rendered":"https:\/\/shop.awwwbuy.com\/?post_type=product&#038;p=24341"},"modified":"2025-06-12T06:07:25","modified_gmt":"2025-06-12T06:07:25","slug":"purpleandpinkgradientgeometricdesignfashionableandavant","status":"publish","type":"product","link":"https:\/\/shop.awwwbuy.com\/fr\/produit\/purpleandpinkgradientgeometricdesignfashionableandavant\/","title":{"rendered":"D\u00e9grad\u00e9 violet et rose, design g\u00e9om\u00e9trique, armure portable \u00e0 la mode et \u00e0 l'avant-garde pour attirer les trendsetters, soutien \u00e0 l'achat en vrac"},"content":{"rendered":"","protected":false},"excerpt":{"rendered":"<p>Taille unique, 30 pi\u00e8ces\/paquet, MOQ: 10 paquets<\/p>","protected":false},"featured_media":24272,"comment_status":"open","ping_status":"closed","template":"","meta":{"_acf_changed":false,"site-sidebar-layout":"default","site-content-layout":"","ast-site-content-layout":"default","site-content-style":"default","site-sidebar-style":"default","ast-global-header-display":"","ast-banner-title-visibility":"","ast-main-header-display":"","ast-hfb-above-header-display":"","ast-hfb-below-header-display":"","ast-hfb-mobile-header-display":"","site-post-title":"","ast-breadcrumbs-content":"","ast-featured-img":"","footer-sml-layout":"","theme-transparent-header-meta":"default","adv-header-id-meta":"","stick-header-meta":"default","header-above-stick-meta":"","header-main-stick-meta":"","header-below-stick-meta":"","astra-migrate-meta-layouts":"set","ast-page-background-enabled":"default","ast-page-background-meta":{"desktop":{"background-color":"var(--ast-global-color-4)","background-image":"","background-repeat":"repeat","background-position":"center center","background-size":"auto","background-attachment":"scroll","background-type":"","background-media":"","overlay-type":"","overlay-color":"","overlay-opacity":"","overlay-gradient":""},"tablet":{"background-color":"","background-image":"","background-repeat":"repeat","background-position":"center center","background-size":"auto","background-attachment":"scroll","background-type":"","background-media":"","overlay-type":"","overlay-color":"","overlay-opacity":"","overlay-gradient":""},"mobile":{"background-color":"","background-image":"","background-repeat":"repeat","background-position":"center center","background-size":"auto","background-attachment":"scroll","background-type":"","background-media":"","overlay-type":"","overlay-color":"","overlay-opacity":"","overlay-gradient":""}},"ast-content-background-meta":{"desktop":{"background-color":"var(--ast-global-color-5)","background-image":"","background-repeat":"repeat","background-position":"center center","background-size":"auto","background-attachment":"scroll","background-type":"","background-media":"","overlay-type":"","overlay-color":"","overlay-opacity":"","overlay-gradient":""},"tablet":{"background-color":"var(--ast-global-color-5)","background-image":"","background-repeat":"repeat","background-position":"center center","background-size":"auto","background-attachment":"scroll","background-type":"","background-media":"","overlay-type":"","overlay-color":"","overlay-opacity":"","overlay-gradient":""},"mobile":{"background-color":"var(--ast-global-color-5)","background-image":"","background-repeat":"repeat","background-position":"center center","background-size":"auto","background-attachment":"scroll","background-type":"","background-media":"","overlay-type":"","overlay-color":"","overlay-opacity":"","overlay-gradient":""}}},"product_brand":[70],"product_cat":[526],"product_tag":[],"class_list":{"0":"post-24341","1":"product","2":"type-product","3":"status-publish","4":"has-post-thumbnail","6":"product_brand-365nails","7":"product_cat-526","8":"desktop-align-left","9":"tablet-align-left","10":"mobile-align-left","11":"ast-product-gallery-layout-horizontal-slider","13":"first","14":"instock","15":"featured","16":"shipping-taxable","17":"purchasable","18":"product-type-simple"},"acf":[],"_links":{"self":[{"href":"https:\/\/shop.awwwbuy.com\/fr\/wp-json\/wp\/v2\/product\/24341","targetHints":{"allow":["GET"]}}],"collection":[{"href":"https:\/\/shop.awwwbuy.com\/fr\/wp-json\/wp\/v2\/product"}],"about":[{"href":"https:\/\/shop.awwwbuy.com\/fr\/wp-json\/wp\/v2\/types\/product"}],"replies":[{"embeddable":true,"href":"https:\/\/shop.awwwbuy.com\/fr\/wp-json\/wp\/v2\/comments?post=24341"}],"version-history":[{"count":1,"href":"https:\/\/shop.awwwbuy.com\/fr\/wp-json\/wp\/v2\/product\/24341\/revisions"}],"predecessor-version":[{"id":24342,"href":"https:\/\/shop.awwwbuy.com\/fr\/wp-json\/wp\/v2\/product\/24341\/revisions\/24342"}],"wp:featuredmedia":[{"embeddable":true,"href":"https:\/\/shop.awwwbuy.com\/fr\/wp-json\/wp\/v2\/media\/24272"}],"wp:attachment":[{"href":"https:\/\/shop.awwwbuy.com\/fr\/wp-json\/wp\/v2\/media?parent=24341"}],"wp:term":[{"taxonomy":"product_brand","embeddable":true,"href":"https:\/\/shop.awwwbuy.com\/fr\/wp-json\/wp\/v2\/product_brand?post=24341"},{"taxonomy":"product_cat","embeddable":true,"href":"https:\/\/shop.awwwbuy.com\/fr\/wp-json\/wp\/v2\/product_cat?post=24341"},{"taxonomy":"product_tag","embeddable":true,"href":"https:\/\/shop.awwwbuy.com\/fr\/wp-json\/wp\/v2\/product_tag?post=24341"}],"curies":[{"name":"wp","href":"https:\/\/api.w.org\/{rel}","templated":true}]}}