{"id":2997,"date":"2025-04-02T11:58:04","date_gmt":"2025-04-02T11:58:04","guid":{"rendered":"https:\/\/shop.awwwbuy.com\/product\/%e7%a9%bf%e6%88%b4%e7%94%b2%e8%84%9a%e7%94%b2%e7%89%87%e9%87%91%e8%89%b2%e9%97%aa%e7%b2%89%e6%b3%95%e5%bc%8f%e8%be%b9%e7%a9%bf%e6%88%b4%e7%94%b2%e7%94%b2%e7%89%87%e6%89%b9%e5%8f%91%e7%a9%bf%e6%88%b4\/"},"modified":"2025-04-02T12:33:23","modified_gmt":"2025-04-02T12:33:23","slug":"%e7%a9%bf%e6%88%b4%e7%94%b2%e8%84%9a%e7%94%b2%e7%89%87%e9%87%91%e8%89%b2%e9%97%aa%e7%b2%89%e6%b3%95%e5%bc%8f%e8%be%b9%e7%a9%bf%e6%88%b4%e7%94%b2%e7%94%b2%e7%89%87%e6%89%b9%e5%8f%91%e7%a9%bf%e6%88%b4","status":"publish","type":"product","link":"https:\/\/shop.awwwbuy.com\/fr\/produit\/%e7%a9%bf%e6%88%b4%e7%94%b2%e8%84%9a%e7%94%b2%e7%89%87%e9%87%91%e8%89%b2%e9%97%aa%e7%b2%89%e6%b3%95%e5%bc%8f%e8%be%b9%e7%a9%bf%e6%88%b4%e7%94%b2%e7%94%b2%e7%89%87%e6%89%b9%e5%8f%91%e7%a9%bf%e6%88%b4\/","title":{"rendered":"Porter des ongles de pied paillettes d'or c\u00f4t\u00e9 fran\u00e7ais porter des ongles porter des ongles en gros porter des ongles courts porter des ongles en gros"},"content":{"rendered":"","protected":false},"excerpt":{"rendered":"","protected":false},"featured_media":3003,"comment_status":"open","ping_status":"closed","template":"","meta":{"_acf_changed":false,"site-sidebar-layout":"default","site-content-layout":"","ast-site-content-layout":"","site-content-style":"default","site-sidebar-style":"default","ast-global-header-display":"","ast-banner-title-visibility":"","ast-main-header-display":"","ast-hfb-above-header-display":"","ast-hfb-below-header-display":"","ast-hfb-mobile-header-display":"","site-post-title":"","ast-breadcrumbs-content":"","ast-featured-img":"","footer-sml-layout":"","theme-transparent-header-meta":"","adv-header-id-meta":"","stick-header-meta":"","header-above-stick-meta":"","header-main-stick-meta":"","header-below-stick-meta":"","astra-migrate-meta-layouts":"default","ast-page-background-enabled":"default","ast-page-background-meta":{"desktop":{"background-color":"var(--ast-global-color-4)","background-image":"","background-repeat":"repeat","background-position":"center center","background-size":"auto","background-attachment":"scroll","background-type":"","background-media":"","overlay-type":"","overlay-color":"","overlay-opacity":"","overlay-gradient":""},"tablet":{"background-color":"","background-image":"","background-repeat":"repeat","background-position":"center center","background-size":"auto","background-attachment":"scroll","background-type":"","background-media":"","overlay-type":"","overlay-color":"","overlay-opacity":"","overlay-gradient":""},"mobile":{"background-color":"","background-image":"","background-repeat":"repeat","background-position":"center center","background-size":"auto","background-attachment":"scroll","background-type":"","background-media":"","overlay-type":"","overlay-color":"","overlay-opacity":"","overlay-gradient":""}},"ast-content-background-meta":{"desktop":{"background-color":"var(--ast-global-color-5)","background-image":"","background-repeat":"repeat","background-position":"center center","background-size":"auto","background-attachment":"scroll","background-type":"","background-media":"","overlay-type":"","overlay-color":"","overlay-opacity":"","overlay-gradient":""},"tablet":{"background-color":"var(--ast-global-color-5)","background-image":"","background-repeat":"repeat","background-position":"center center","background-size":"auto","background-attachment":"scroll","background-type":"","background-media":"","overlay-type":"","overlay-color":"","overlay-opacity":"","overlay-gradient":""},"mobile":{"background-color":"var(--ast-global-color-5)","background-image":"","background-repeat":"repeat","background-position":"center center","background-size":"auto","background-attachment":"scroll","background-type":"","background-media":"","overlay-type":"","overlay-color":"","overlay-opacity":"","overlay-gradient":""}}},"product_brand":[],"product_cat":[18],"product_tag":[],"class_list":{"0":"post-2997","1":"product","2":"type-product","3":"status-publish","4":"has-post-thumbnail","6":"product_cat-uncategorized","7":"desktop-align-left","8":"tablet-align-left","9":"mobile-align-left","10":"ast-product-gallery-layout-horizontal-slider","11":"ast-product-single-variable","13":"first","14":"instock","15":"shipping-taxable","16":"purchasable","17":"product-type-variable"},"acf":[],"_links":{"self":[{"href":"https:\/\/shop.awwwbuy.com\/fr\/wp-json\/wp\/v2\/product\/2997","targetHints":{"allow":["GET"]}}],"collection":[{"href":"https:\/\/shop.awwwbuy.com\/fr\/wp-json\/wp\/v2\/product"}],"about":[{"href":"https:\/\/shop.awwwbuy.com\/fr\/wp-json\/wp\/v2\/types\/product"}],"replies":[{"embeddable":true,"href":"https:\/\/shop.awwwbuy.com\/fr\/wp-json\/wp\/v2\/comments?post=2997"}],"version-history":[{"count":1,"href":"https:\/\/shop.awwwbuy.com\/fr\/wp-json\/wp\/v2\/product\/2997\/revisions"}],"predecessor-version":[{"id":3290,"href":"https:\/\/shop.awwwbuy.com\/fr\/wp-json\/wp\/v2\/product\/2997\/revisions\/3290"}],"wp:featuredmedia":[{"embeddable":true,"href":"https:\/\/shop.awwwbuy.com\/fr\/wp-json\/wp\/v2\/media\/3003"}],"wp:attachment":[{"href":"https:\/\/shop.awwwbuy.com\/fr\/wp-json\/wp\/v2\/media?parent=2997"}],"wp:term":[{"taxonomy":"product_brand","embeddable":true,"href":"https:\/\/shop.awwwbuy.com\/fr\/wp-json\/wp\/v2\/product_brand?post=2997"},{"taxonomy":"product_cat","embeddable":true,"href":"https:\/\/shop.awwwbuy.com\/fr\/wp-json\/wp\/v2\/product_cat?post=2997"},{"taxonomy":"product_tag","embeddable":true,"href":"https:\/\/shop.awwwbuy.com\/fr\/wp-json\/wp\/v2\/product_tag?post=2997"}],"curies":[{"name":"wp","href":"https:\/\/api.w.org\/{rel}","templated":true}]}}