{"id":24996,"date":"2025-06-06T07:05:32","date_gmt":"2025-06-06T07:05:32","guid":{"rendered":"https:\/\/shop.awwwbuy.com\/?post_type=product&#038;p=24996"},"modified":"2025-06-06T07:05:32","modified_gmt":"2025-06-06T07:05:32","slug":"arte-para-unhas-em-ouro-claro-de-cor-solida","status":"publish","type":"product","link":"https:\/\/shop.awwwbuy.com\/pt\/produto\/arte-para-unhas-em-ouro-claro-de-cor-solida\/","title":{"rendered":"Arte para unhas em ouro claro de cor s\u00f3lida"},"content":{"rendered":"","protected":false},"excerpt":{"rendered":"<p>Mesmo tamanho 30 p\u00e7s pacote 10 conjuntos come\u00e7ar a pedir<\/p>","protected":false},"featured_media":24997,"comment_status":"open","ping_status":"closed","template":"","meta":{"_acf_changed":false,"site-sidebar-layout":"default","site-content-layout":"","ast-site-content-layout":"default","site-content-style":"default","site-sidebar-style":"default","ast-global-header-display":"","ast-banner-title-visibility":"","ast-main-header-display":"","ast-hfb-above-header-display":"","ast-hfb-below-header-display":"","ast-hfb-mobile-header-display":"","site-post-title":"","ast-breadcrumbs-content":"","ast-featured-img":"","footer-sml-layout":"","theme-transparent-header-meta":"default","adv-header-id-meta":"","stick-header-meta":"default","header-above-stick-meta":"","header-main-stick-meta":"","header-below-stick-meta":"","astra-migrate-meta-layouts":"set","ast-page-background-enabled":"default","ast-page-background-meta":{"desktop":{"background-color":"var(--ast-global-color-4)","background-image":"","background-repeat":"repeat","background-position":"center center","background-size":"auto","background-attachment":"scroll","background-type":"","background-media":"","overlay-type":"","overlay-color":"","overlay-opacity":"","overlay-gradient":""},"tablet":{"background-color":"","background-image":"","background-repeat":"repeat","background-position":"center center","background-size":"auto","background-attachment":"scroll","background-type":"","background-media":"","overlay-type":"","overlay-color":"","overlay-opacity":"","overlay-gradient":""},"mobile":{"background-color":"","background-image":"","background-repeat":"repeat","background-position":"center center","background-size":"auto","background-attachment":"scroll","background-type":"","background-media":"","overlay-type":"","overlay-color":"","overlay-opacity":"","overlay-gradient":""}},"ast-content-background-meta":{"desktop":{"background-color":"var(--ast-global-color-5)","background-image":"","background-repeat":"repeat","background-position":"center center","background-size":"auto","background-attachment":"scroll","background-type":"","background-media":"","overlay-type":"","overlay-color":"","overlay-opacity":"","overlay-gradient":""},"tablet":{"background-color":"var(--ast-global-color-5)","background-image":"","background-repeat":"repeat","background-position":"center center","background-size":"auto","background-attachment":"scroll","background-type":"","background-media":"","overlay-type":"","overlay-color":"","overlay-opacity":"","overlay-gradient":""},"mobile":{"background-color":"var(--ast-global-color-5)","background-image":"","background-repeat":"repeat","background-position":"center center","background-size":"auto","background-attachment":"scroll","background-type":"","background-media":"","overlay-type":"","overlay-color":"","overlay-opacity":"","overlay-gradient":""}}},"product_brand":[70],"product_cat":[513,519,515,498,497,496,501],"product_tag":[],"class_list":{"0":"post-24996","1":"product","2":"type-product","3":"status-publish","4":"has-post-thumbnail","6":"product_brand-365nails","7":"product_cat-cat-eye-effect","8":"product_cat-lightluxury","9":"product_cat-holographic-iridescent","10":"product_cat-wedding-collection","11":"product_cat-seasonal-picks","12":"product_cat-holiday-specials","13":"product_cat-glossy-solids","14":"desktop-align-left","15":"tablet-align-left","16":"mobile-align-left","17":"ast-product-gallery-layout-horizontal-slider","19":"first","20":"instock","21":"shipping-taxable","22":"purchasable","23":"product-type-simple"},"acf":[],"_links":{"self":[{"href":"https:\/\/shop.awwwbuy.com\/pt\/wp-json\/wp\/v2\/product\/24996","targetHints":{"allow":["GET"]}}],"collection":[{"href":"https:\/\/shop.awwwbuy.com\/pt\/wp-json\/wp\/v2\/product"}],"about":[{"href":"https:\/\/shop.awwwbuy.com\/pt\/wp-json\/wp\/v2\/types\/product"}],"replies":[{"embeddable":true,"href":"https:\/\/shop.awwwbuy.com\/pt\/wp-json\/wp\/v2\/comments?post=24996"}],"version-history":[{"count":1,"href":"https:\/\/shop.awwwbuy.com\/pt\/wp-json\/wp\/v2\/product\/24996\/revisions"}],"predecessor-version":[{"id":24999,"href":"https:\/\/shop.awwwbuy.com\/pt\/wp-json\/wp\/v2\/product\/24996\/revisions\/24999"}],"wp:featuredmedia":[{"embeddable":true,"href":"https:\/\/shop.awwwbuy.com\/pt\/wp-json\/wp\/v2\/media\/24997"}],"wp:attachment":[{"href":"https:\/\/shop.awwwbuy.com\/pt\/wp-json\/wp\/v2\/media?parent=24996"}],"wp:term":[{"taxonomy":"product_brand","embeddable":true,"href":"https:\/\/shop.awwwbuy.com\/pt\/wp-json\/wp\/v2\/product_brand?post=24996"},{"taxonomy":"product_cat","embeddable":true,"href":"https:\/\/shop.awwwbuy.com\/pt\/wp-json\/wp\/v2\/product_cat?post=24996"},{"taxonomy":"product_tag","embeddable":true,"href":"https:\/\/shop.awwwbuy.com\/pt\/wp-json\/wp\/v2\/product_tag?post=24996"}],"curies":[{"name":"wp","href":"https:\/\/api.w.org\/{rel}","templated":true}]}}